{"id":4323,"date":"2018-09-06T10:46:48","date_gmt":"2018-09-06T10:46:48","guid":{"rendered":"https:\/\/rs-teatinos.com\/estancias-para-grupos\/"},"modified":"2022-07-13T10:42:26","modified_gmt":"2022-07-13T10:42:26","slug":"estancias-para-grupos","status":"publish","type":"page","link":"https:\/\/rs-teatinos.com\/en\/estancias-para-grupos\/","title":{"rendered":"Stay for groups"},"content":{"rendered":"<div class=\"container-fluid \">\n<div class=\"ddl-full-width-row rowddl-frontend-editor-row ddl-frontend-editor-editable\"data-id='11' data-name='Post content row' data-type='row' data-layout_slug='' data-kind='Row' >\n<div class=\"col-sm-12 ddl-frontend-editor-cell ddl-frontend-editor-editable js-ddl-frontend-editor-cell\" id=\"span1\" data-id='s2963' data-name='Post Content Cell' data-type='cell-text' data-layout_slug='' data-kind='Cell'>\n\t<section class=\"section show-for-medium\" id=\"section_369873457\">\n\t\t<div class=\"bg section-bg fill bg-fill  bg-loaded\" >\n\n\t\t\t\n\t\t\t\n\t\t\t\n\n\t\t<\/div>\n\n\t\t\n\n\t\t<div class=\"section-content relative\">\n\t\t\t <\/p>\n<p> \t<div id=\"gap-1977521058\" class=\"gap-element clearfix\" style=\"display:block; height:auto;\">\n\t\t\n<style>\n#gap-1977521058 {\n  padding-top: 15px;\n}\n<\/style>\n\t<\/div>\n\t <\/p>\n<p> \t\t<\/div>\n\n\t\t\n<style>\n#section_369873457 {\n  padding-top: 0px;\n  padding-bottom: 0px;\n}\n#section_369873457 .ux-shape-divider--top svg {\n  height: 150px;\n  --divider-top-width: 100%;\n}\n#section_369873457 .ux-shape-divider--bottom svg {\n  height: 150px;\n  --divider-width: 100%;\n}\n@media (min-width:850px) {\n  #section_369873457 {\n    padding-top: 30px;\n    padding-bottom: 30px;\n  }\n}\n<\/style>\n\t<\/section>\n\t\n\t<section class=\"section header-estancias-grupos rut-titulos\" id=\"section_1817537853\">\n\t\t<div class=\"bg section-bg fill bg-fill  bg-loaded\" >\n\n\t\t\t\n\t\t\t\n\t\t\t\n\n\t\t<\/div>\n\n\t\t\n\n\t\t<div class=\"section-content relative\">\n\t\t\t <div class=\"container section-title-container\" ><h1 class=\"section-title section-title-normal\"><b><\/b><span class=\"section-title-main\" >Stay for groups<\/span><b><\/b><\/h1><\/div> \t\t<\/div>\n\n\t\t\n<style>\n#section_1817537853 {\n  padding-top: 30px;\n  padding-bottom: 30px;\n}\n#section_1817537853 .ux-shape-divider--top svg {\n  height: 150px;\n  --divider-top-width: 100%;\n}\n#section_1817537853 .ux-shape-divider--bottom svg {\n  height: 150px;\n  --divider-width: 100%;\n}\n<\/style>\n\t<\/section>\n\t\n\t<section class=\"section hide-for-medium\" id=\"section_1457020574\">\n\t\t<div class=\"bg section-bg fill bg-fill  bg-loaded\" >\n\n\t\t\t\n\t\t\t\n\t\t\t\n\n\t\t<\/div>\n\n\t\t\n\n\t\t<div class=\"section-content relative\">\n\t\t\t <\/p>\n<p> <div class=\"row row-large align-middle\"  id=\"row-698250896\"> <\/p>\n<p> \n\t<div id=\"col-539459412\" class=\"col medium-6 small-12 large-6\"  >\n\t\t\t\t<div class=\"col-inner\"  >\n\t\t\t\n\t\t\t <\/p>\n<p> \t<div class=\"img has-hover x md-x lg-x y md-y lg-y\" id=\"image_538184037\">\n\t\t\t\t\t\t\t\t<div class=\"img-inner dark\" >\n\t\t\t<img loading=\"lazy\" decoding=\"async\" width=\"1020\" height=\"573\" src=\"https:\/\/rs-teatinos.com\/wp-content\/uploads\/2018\/06\/rut-surf.jpg\" class=\"attachment-large size-large\" alt=\"\" srcset=\"https:\/\/rs-teatinos.com\/wp-content\/uploads\/2018\/06\/rut-surf.jpg 1200w, https:\/\/rs-teatinos.com\/wp-content\/uploads\/2018\/06\/rut-surf-712x400.jpg 712w, https:\/\/rs-teatinos.com\/wp-content\/uploads\/2018\/06\/rut-surf-768x431.jpg 768w\" sizes=\"auto, (max-width: 1020px) 100vw, 1020px\" \/>\t\t\t\t\t\t\n\t\t\t\t\t<\/div>\n\t\t\t\t\t\t\t\t\n<style>\n#image_538184037 {\n  width: 100%;\n}\n<\/style>\n\t<\/div>\n\t <\/p>\n<p> \t\t<\/div>\n\t\t\t\t\t<\/div>\n\n\t <\/p>\n<p> \n\t<div id=\"col-56540956\" class=\"col medium-6 small-12 large-6\"  >\n\t\t\t\t<div class=\"col-inner\"  >\n\t\t\t\n\t\t\t <\/p>\n<p> <div class=\"is-divider divider clearfix\" style=\"margin-top:7.8px;margin-bottom:7.8px;max-width:2px;height:56px;background-color:rgb(0, 0, 0);\"><\/div> <\/p>\n<h6 style=\"font-weight: 400; letter-spacing: 1px;\">La RUT es la residencia universitaria por excelencia<\/h6>\n<h2 style=\"font-family: DINPro-bold; text-align: left; letter-spacing: 3px; line-height: 36px; font-size: 30px;\">\u00bfBUSCAR UN LUGAR DIFERENTE PARA <span class=\"underline--magical\">DISFRUTAR EN GRUPO?<\/span><\/h2>\n<div style=\"padding-top: 15px;\">\n<p>En verano tambi\u00e9n abrimos para que tu y tus compa\u00f1eros disfrut\u00e9is de una experiencia \u00fanica en M\u00e1laga, la capital del sol y de la cultura, donde encontrar\u00e1s una amplia oferta de actividades para que elijas la que m\u00e1s te guste.<\/p><\/div>\n<p> \t\t<\/div>\n\t\t\t\t\n<style>\n#col-56540956 > .col-inner {\n  padding: 40px 40px 40px 27px;\n}\n<\/style>\n\t<\/div>\n\n\t <\/p>\n<p> <\/div> <\/p>\n<p> \t\t<\/div>\n\n\t\t\n<style>\n#section_1457020574 {\n  padding-top: 30px;\n  padding-bottom: 30px;\n}\n#section_1457020574 .ux-shape-divider--top svg {\n  height: 150px;\n  --divider-top-width: 100%;\n}\n#section_1457020574 .ux-shape-divider--bottom svg {\n  height: 150px;\n  --divider-width: 100%;\n}\n<\/style>\n\t<\/section>\n\t\n\t<section class=\"section show-for-medium\" id=\"section_212461837\">\n\t\t<div class=\"bg section-bg fill bg-fill  bg-loaded\" >\n\n\t\t\t\n\t\t\t\n\t\t\t\n\n\t\t<\/div>\n\n\t\t\n\n\t\t<div class=\"section-content relative\">\n\t\t\t <\/p>\n<p> <div class=\"row row-large align-middle\"  id=\"row-960137584\"> <\/p>\n<p> \n\t<div id=\"col-185989324\" class=\"col small-12 large-12\"  >\n\t\t\t\t<div class=\"col-inner\"  >\n\t\t\t\n\t\t\t <\/p>\n<p> \t<div class=\"img has-hover x md-x lg-x y md-y lg-y\" id=\"image_1033730616\">\n\t\t\t\t\t\t\t\t<div class=\"img-inner dark\" >\n\t\t\t<img loading=\"lazy\" decoding=\"async\" width=\"1020\" height=\"573\" src=\"https:\/\/rs-teatinos.com\/wp-content\/uploads\/2018\/06\/rut-surf.jpg\" class=\"attachment-large size-large\" alt=\"\" srcset=\"https:\/\/rs-teatinos.com\/wp-content\/uploads\/2018\/06\/rut-surf.jpg 1200w, https:\/\/rs-teatinos.com\/wp-content\/uploads\/2018\/06\/rut-surf-712x400.jpg 712w, https:\/\/rs-teatinos.com\/wp-content\/uploads\/2018\/06\/rut-surf-768x431.jpg 768w\" sizes=\"auto, (max-width: 1020px) 100vw, 1020px\" \/>\t\t\t\t\t\t\n\t\t\t\t\t<\/div>\n\t\t\t\t\t\t\t\t\n<style>\n#image_1033730616 {\n  width: 100%;\n}\n<\/style>\n\t<\/div>\n\t <\/p>\n<p> \t\t<\/div>\n\t\t\t\t\t<\/div>\n\n\t <\/p>\n<p> \n\t<div id=\"col-1860066157\" class=\"col small-12 large-12\"  >\n\t\t\t\t<div class=\"col-inner\"  >\n\t\t\t\n\t\t\t <\/p>\n<p> <div class=\"is-divider divider clearfix\" style=\"margin-top:7.8px;margin-bottom:7.8px;max-width:2px;height:56px;background-color:rgb(0, 0, 0);\"><\/div> <\/p>\n<h6 style=\"font-weight: 400; letter-spacing: 1px;\">La RUT es la residencia universitaria por excelencia<\/h6>\n<h2 style=\"font-family: DINPro-bold; text-align: left; letter-spacing: 3px; line-height: 36px; font-size: 30px;\">\u00bfBUSCAR UN LUGAR DIFERENTE PARA <span class=\"underline--magical\">DISFRUTAR EN GRUPO?<\/span><\/h2>\n<div style=\"padding-top: 15px;\">\n<p>En verano tambi\u00e9n abrimos para que tu y tus compa\u00f1eros disfrut\u00e9is de una experiencia \u00fanica en M\u00e1laga, la capital del sol y de la cultura, donde encontrar\u00e1s una amplia oferta de actividades para que elijas la que m\u00e1s te guste.<\/p><\/div>\n<p> \t\t<\/div>\n\t\t\t\t\n<style>\n#col-1860066157 > .col-inner {\n  padding: 40px 40px 40px 27px;\n}\n<\/style>\n\t<\/div>\n\n\t <\/p>\n<p> <\/div> <\/p>\n<p> \t\t<\/div>\n\n\t\t\n<style>\n#section_212461837 {\n  padding-top: 30px;\n  padding-bottom: 30px;\n}\n#section_212461837 .ux-shape-divider--top svg {\n  height: 150px;\n  --divider-top-width: 100%;\n}\n#section_212461837 .ux-shape-divider--bottom svg {\n  height: 150px;\n  --divider-width: 100%;\n}\n<\/style>\n\t<\/section>\n\t\n\t<section class=\"section\" id=\"section_1415016273\">\n\t\t<div class=\"bg section-bg fill bg-fill  bg-loaded\" >\n\n\t\t\t\n\t\t\t\n\t\t\t\n\n\t\t<\/div>\n\n\t\t\n\n\t\t<div class=\"section-content relative\">\n\t\t\t <\/p>\n<p> <div class=\"row row-collapse align-middle\"  id=\"row-478201046\"> <\/p>\n<p> \n\t<div id=\"col-1407749940\" class=\"col medium-5 small-12 large-5\"  >\n\t\t\t\t<div class=\"col-inner text-left\"  >\n\t\t\t\n\t\t\t <\/p>\n<p> <div class=\"is-divider divider clearfix\" style=\"margin-top:0.1em;margin-bottom:0.1em;max-width:58px;height:14px;background-color:rgb(252, 202, 2);\"><\/div> <\/p>\n<p> \t<div id=\"gap-562216033\" class=\"gap-element clearfix\" style=\"display:block; height:auto;\">\n\t\t\n<style>\n#gap-562216033 {\n  padding-top: 19px;\n}\n<\/style>\n\t<\/div>\n\t <\/p>\n<h2 style=\"font-family: 'DINPro-bold';\">Te encantar\u00e1n nuestras instalaciones, modernas y reci\u00e9n renovadas, tenemos:<\/h2>\n<p> \t<div id=\"gap-597091733\" class=\"gap-element clearfix\" style=\"display:block; height:auto;\">\n\t\t\n<style>\n#gap-597091733 {\n  padding-top: 12px;\n}\n<\/style>\n\t<\/div>\n\t <\/p>\n<p>Piscina, gimnasio, zonas verdes, zonas de estudio, cafeter\u00eda, zona chil-out y un enorme hall con espacios para la convivencia de los residentes. Nuestros cocineros preparar\u00e1n para ti y tus amigos unas recetas caseras buen\u00edsimas, y tendr\u00e9is la posibilidad de disfrutar de dietas espec\u00edficas sin coste adicional (alergias, intolerancias, comida halal, dieta para deportistas\u2026<\/p>\n<p> \t\t<\/div>\n\t\t\t\t\n<style>\n#col-1407749940 > .col-inner {\n  padding: 0px 54px 0px 0px;\n}\n<\/style>\n\t<\/div>\n\n\t \n\t<div id=\"col-2062255433\" class=\"col medium-7 small-12 large-7\"  >\n\t\t\t\t<div class=\"col-inner\"  >\n\t\t\t\n\t\t\t <div class=\"slider-wrapper relative\" id=\"slider-1575265819\" >\n    <div class=\"slider slider-nav-simple slider-nav-large slider-nav-light slider-style-normal\"\n        data-flickity-options='{\n            \"cellAlign\": \"center\",\n            \"imagesLoaded\": true,\n            \"lazyLoad\": 1,\n            \"freeScroll\": false,\n            \"wrapAround\": true,\n            \"autoPlay\": 6000,\n            \"pauseAutoPlayOnHover\" : true,\n            \"prevNextButtons\": true,\n            \"contain\" : true,\n            \"adaptiveHeight\" : true,\n            \"dragThreshold\" : 10,\n            \"percentPosition\": true,\n            \"pageDots\": true,\n            \"rightToLeft\": false,\n            \"draggable\": true,\n            \"selectedAttraction\": 0.1,\n            \"parallax\" : 0,\n            \"friction\": 0.6        }'\n        >\n         \t<div class=\"img has-hover x md-x lg-x y md-y lg-y\" id=\"image_912806454\">\n\t\t\t\t\t\t\t\t<div class=\"img-inner image-cover dark\" style=\"padding-top:56.25%;\">\n\t\t\t<img loading=\"lazy\" decoding=\"async\" width=\"694\" height=\"416\" src=\"https:\/\/rs-teatinos.com\/wp-content\/uploads\/2018\/06\/piscina.jpg\" class=\"attachment-original size-original\" alt=\"\" srcset=\"https:\/\/rs-teatinos.com\/wp-content\/uploads\/2018\/06\/piscina.jpg 694w, https:\/\/rs-teatinos.com\/wp-content\/uploads\/2018\/06\/piscina-667x400.jpg 667w\" sizes=\"auto, (max-width: 694px) 100vw, 694px\" \/>\t\t\t\t\t\t\n\t\t\t\t\t<\/div>\n\t\t\t\t\t\t\t\t\n<style>\n#image_912806454 {\n  width: 100%;\n}\n<\/style>\n\t<\/div>\n\t \t<div class=\"img has-hover x md-x lg-x y md-y lg-y\" id=\"image_1398841370\">\n\t\t\t\t\t\t\t\t<div class=\"img-inner image-cover dark\" style=\"padding-top:56.25%;\">\n\t\t\t<img loading=\"lazy\" decoding=\"async\" width=\"694\" height=\"416\" src=\"https:\/\/rs-teatinos.com\/wp-content\/uploads\/2018\/06\/gimnasio.jpg\" class=\"attachment-original size-original\" alt=\"\" srcset=\"https:\/\/rs-teatinos.com\/wp-content\/uploads\/2018\/06\/gimnasio.jpg 694w, https:\/\/rs-teatinos.com\/wp-content\/uploads\/2018\/06\/gimnasio-667x400.jpg 667w\" sizes=\"auto, (max-width: 694px) 100vw, 694px\" \/>\t\t\t\t\t\t\n\t\t\t\t\t<\/div>\n\t\t\t\t\t\t\t\t\n<style>\n#image_1398841370 {\n  width: 100%;\n}\n<\/style>\n\t<\/div>\n\t \t<div class=\"img has-hover x md-x lg-x y md-y lg-y\" id=\"image_1148167933\">\n\t\t\t\t\t\t\t\t<div class=\"img-inner image-cover dark\" style=\"padding-top:56.25%;\">\n\t\t\t<img loading=\"lazy\" decoding=\"async\" width=\"1600\" height=\"900\" src=\"https:\/\/rs-teatinos.com\/wp-content\/uploads\/2018\/06\/comedor-rut-teatinos.jpg\" class=\"attachment-original size-original\" alt=\"\" srcset=\"https:\/\/rs-teatinos.com\/wp-content\/uploads\/2018\/06\/comedor-rut-teatinos.jpg 1600w, https:\/\/rs-teatinos.com\/wp-content\/uploads\/2018\/06\/comedor-rut-teatinos-711x400.jpg 711w, https:\/\/rs-teatinos.com\/wp-content\/uploads\/2018\/06\/comedor-rut-teatinos-768x432.jpg 768w, https:\/\/rs-teatinos.com\/wp-content\/uploads\/2018\/06\/comedor-rut-teatinos-1400x788.jpg 1400w\" sizes=\"auto, (max-width: 1600px) 100vw, 1600px\" \/>\t\t\t\t\t\t\n\t\t\t\t\t<\/div>\n\t\t\t\t\t\t\t\t\n<style>\n#image_1148167933 {\n  width: 100%;\n}\n<\/style>\n\t<\/div>\n\t      <\/div>\n\n     <div class=\"loading-spin dark large centered\"><\/div>\n\n     \t<\/div>\n\n \t\t<\/div>\n\t\t\t\t\t<\/div>\n\n\t <\/p>\n<p> <\/div> <\/p>\n<p> \t\t<\/div>\n\n\t\t\n<style>\n#section_1415016273 {\n  padding-top: 30px;\n  padding-bottom: 30px;\n}\n#section_1415016273 .ux-shape-divider--top svg {\n  height: 150px;\n  --divider-top-width: 100%;\n}\n#section_1415016273 .ux-shape-divider--bottom svg {\n  height: 150px;\n  --divider-width: 100%;\n}\n<\/style>\n\t<\/section>\n\t\n<p> \t<section class=\"section\" id=\"section_1807366990\">\n\t\t<div class=\"bg section-bg fill bg-fill  bg-loaded\" >\n\n\t\t\t\n\t\t\t\n\t\t\t\n\n\t\t<\/div>\n\n\t\t\n\n\t\t<div class=\"section-content relative\">\n\t\t\t <div class=\"row row-collapse\" style=\"max-width:\" id=\"row-1065544530\"> <\/p>\n\n\t<div id=\"col-636999738\" class=\"col medium-11 small-12 large-11\"  >\n\t\t\t\t<div class=\"col-inner\"  >\n\t\t\t\n\t\t\t <\/p>\n<p> \t<div id=\"gap-937378238\" class=\"gap-element clearfix\" style=\"display:block; height:auto;\">\n\t\t\n<style>\n#gap-937378238 {\n  padding-top: 55px;\n}\n<\/style>\n\t<\/div>\n\t <\/p>\n<h2 style=\"font-family: DINPro-bold; text-align: left; letter-spacing: 3px; line-height: 36px; font-size: 30px;\">EXPERIENCIAS MEMORABLES<\/h2>\n<p> \t<div id=\"gap-948424033\" class=\"gap-element clearfix\" style=\"display:block; height:auto;\">\n\t\t\n<style>\n#gap-948424033 {\n  padding-top: 55px;\n}\n<\/style>\n\t<\/div>\n\t <\/p>\n<p> \t\t<\/div>\n\t\t\t\t\t<\/div>\n\n\t\n<p> <\/div> <div class=\"row row-collapse row-full-width\"  id=\"row-1077776095\"> \n\t<div id=\"col-678426063\" class=\"col medium-6 small-12 large-4\"  >\n\t\t\t\t<div class=\"col-inner\"  >\n\t\t\t\n\t\t\t \n  <div class=\"banner has-hover bg-zoom\" id=\"banner-215117845\">\n          <div class=\"banner-inner fill\">\n        <div class=\"banner-bg fill\" >\n            <div class=\"bg fill bg-fill \"><\/div>\n                        <div class=\"overlay\"><\/div>            \n                    <\/div>\n\t\t\n        <div class=\"banner-layers container\">\n            <a class=\"fill\" href=\"\/eventos-proximos\/\"  ><div class=\"fill banner-link\"><\/div><\/a>                <div id=\"text-box-884917582\" class=\"text-box banner-layer x50 md-x50 lg-x50 y85 md-y85 lg-y85 res-text\">\n                                <div class=\"text-box-content text \">\n              \n              <div class=\"text-inner text-left\">\n                   <\/p>\n<div class=\"is-divider divider clearfix\" style=\"max-width:3px;height:100px;background-color:rgb(6, 1, 1);\"><\/div>\n<h2 style=\"letter-spacing: 1px; line-height: 30px; text-align: left;\">PROGRAMAS<br \/> DEPORTIVOS<\/h2>\n<p>               <\/div>\n           <\/div>\n                            \n<style>\n#text-box-884917582 {\n  width: 74%;\n}\n#text-box-884917582 .text-box-content {\n  font-size: 123%;\n}\n<\/style>\n    <\/div>\n  <\/p>\n<p>         <\/div>\n      <\/div>\n\n            \n<style>\n#banner-215117845 {\n  padding-top: 400px;\n}\n#banner-215117845 .bg.bg-loaded {\n  background-image: url(https:\/\/rs-teatinos.com\/wp-content\/uploads\/2018\/06\/rut-basket.jpg);\n}\n#banner-215117845 .overlay {\n  background-color: rgba(0, 163, 180, 0.7);\n}\n#banner-215117845 .ux-shape-divider--top svg {\n  height: 150px;\n  --divider-top-width: 100%;\n}\n#banner-215117845 .ux-shape-divider--bottom svg {\n  height: 150px;\n  --divider-width: 100%;\n}\n<\/style>\n  <\/div>\n\n \t\t<\/div>\n\t\t\t\t\t<\/div>\n\n\t \n\t<div id=\"col-229606493\" class=\"col medium-6 small-12 large-4\"  >\n\t\t\t\t<div class=\"col-inner\"  >\n\t\t\t\n\t\t\t \n  <div class=\"banner has-hover bg-zoom\" id=\"banner-851964256\">\n          <div class=\"banner-inner fill\">\n        <div class=\"banner-bg fill\" >\n            <div class=\"bg fill bg-fill \"><\/div>\n                        <div class=\"overlay\"><\/div>            \n                    <\/div>\n\t\t\n        <div class=\"banner-layers container\">\n            <a class=\"fill\" href=\"\/eventos-proximos\/\"  ><div class=\"fill banner-link\"><\/div><\/a>             <\/p>\n   <div id=\"text-box-378030117\" class=\"text-box banner-layer x50 md-x50 lg-x50 y85 md-y85 lg-y85 res-text\">\n                                <div class=\"text-box-content text \">\n              \n              <div class=\"text-inner text-left\">\n                   <\/p>\n<p> <div class=\"is-divider divider clearfix\" style=\"max-width:3px;height:100px;background-color:rgb(6, 1, 1);\"><\/div> <\/p>\n<h2 style=\"letter-spacing: 1px; line-height: 30px; text-align: left;\">PROGRAMAS<br \/> CULTURALES<\/h2>\n<p>               <\/div>\n           <\/div>\n                            \n<style>\n#text-box-378030117 {\n  width: 76%;\n}\n#text-box-378030117 .text-box-content {\n  font-size: 123%;\n}\n<\/style>\n    <\/div>\n \n<p>         <\/div>\n      <\/div>\n\n            \n<style>\n#banner-851964256 {\n  padding-top: 400px;\n}\n#banner-851964256 .bg.bg-loaded {\n  background-image: url(https:\/\/rs-teatinos.com\/wp-content\/uploads\/2018\/09\/blog_rut-3.jpg);\n}\n#banner-851964256 .overlay {\n  background-color: rgba(245, 126, 182, 0.82);\n}\n#banner-851964256 .ux-shape-divider--top svg {\n  height: 150px;\n  --divider-top-width: 100%;\n}\n#banner-851964256 .ux-shape-divider--bottom svg {\n  height: 150px;\n  --divider-width: 100%;\n}\n<\/style>\n  <\/div>\n\n \t\t<\/div>\n\t\t\t\t\t<\/div>\n\n\t \n\t<div id=\"col-357719758\" class=\"col medium-6 small-12 large-4\"  >\n\t\t\t\t<div class=\"col-inner\"  >\n\t\t\t\n\t\t\t \n  <div class=\"banner has-hover bg-zoom\" id=\"banner-437641279\">\n          <div class=\"banner-inner fill\">\n        <div class=\"banner-bg fill\" >\n            <div class=\"bg fill bg-fill \"><\/div>\n                        <div class=\"overlay\"><\/div>            \n                    <\/div>\n\t\t\n        <div class=\"banner-layers container\">\n            <a class=\"fill\" href=\"\/eventos-proximos\/\"  ><div class=\"fill banner-link\"><\/div><\/a>                <div id=\"text-box-1788525040\" class=\"text-box banner-layer x15 md-x15 lg-x15 y85 md-y85 lg-y85 res-text\">\n                                <div class=\"text-box-content text \">\n              \n              <div class=\"text-inner text-left\">\n                   <\/p>\n<div class=\"is-divider divider clearfix\" style=\"max-width:3px;height:100px;background-color:rgb(6, 1, 1);\"><\/div>\n<h2 style=\"letter-spacing: 1px; line-height: 30px; text-align: left;\">PROGRAMAS<br \/> DE OCIO<\/h2>\n<p>               <\/div>\n           <\/div>\n                            \n<style>\n#text-box-1788525040 {\n  width: 54%;\n}\n#text-box-1788525040 .text-box-content {\n  font-size: 123%;\n}\n<\/style>\n    <\/div>\n          <\/div>\n      <\/div>\n\n            \n<style>\n#banner-437641279 {\n  padding-top: 400px;\n  background-color: rgb(128, 49, 167);\n}\n#banner-437641279 .bg.bg-loaded {\n  background-image: url(https:\/\/rs-teatinos.com\/wp-content\/uploads\/2018\/09\/unsplash9-7-of-12.jpg);\n}\n#banner-437641279 .overlay {\n  background-color: rgba(128, 49, 167, 0.8);\n}\n#banner-437641279 .ux-shape-divider--top svg {\n  height: 150px;\n  --divider-top-width: 100%;\n}\n#banner-437641279 .ux-shape-divider--bottom svg {\n  height: 150px;\n  --divider-width: 100%;\n}\n<\/style>\n  <\/div>\n\n \t\t<\/div>\n\t\t\t\t\t<\/div>\n\n\t <\/div> \t\t<\/div>\n\n\t\t\n<style>\n#section_1807366990 {\n  padding-top: 0px;\n  padding-bottom: 0px;\n}\n#section_1807366990 .ux-shape-divider--top svg {\n  height: 150px;\n  --divider-top-width: 100%;\n}\n#section_1807366990 .ux-shape-divider--bottom svg {\n  height: 150px;\n  --divider-width: 100%;\n}\n<\/style>\n\t<\/section>\n\t \t<section class=\"section encuentranos-rut\" id=\"section_1177559199\">\n\t\t<div class=\"bg section-bg fill bg-fill  \" >\n\n\t\t\t\n\t\t\t\n\t\t\t\n\n\t\t<\/div>\n\n\t\t\n\n\t\t<div class=\"section-content relative\">\n\t\t\t <\/p>\n<div class=\"row align-center\"  id=\"row-383787348\">\n\n\t<div id=\"col-1544611556\" class=\"col medium-6 small-12 large-6\"  >\n\t\t\t\t<div class=\"col-inner text-center\"  >\n\t\t\t\n\t\t\t\n<h6 style=\"font-weight: 400; letter-spacing: 1px; font-size: 105%;\">no te pierdas la mejor residencia de m\u00e1laga<\/h6>\n<h2><span style=\"font-size: 185%;\"><strong>\u00bfQuieres visitar la Rut?<\/strong><\/span><\/h2>\n<p> <a href=\"\/visitar-la-rut\" target=\"_self\" class=\"button secondary is-large\"  >\n    <span>ven a conocernos<\/span>\n  <i class=\"icon-angle-right\" aria-hidden=\"true\" ><\/i><\/a>\n \t\t<\/div>\n\t\t\t\t\t<\/div>\n\n\t <\/div> \t\t<\/div>\n\n\t\t\n<style>\n#section_1177559199 {\n  padding-top: 121px;\n  padding-bottom: 121px;\n}\n#section_1177559199 .section-bg.bg-loaded {\n  background-image: url(https:\/\/rs-teatinos.com\/wp-content\/uploads\/2018\/09\/background-contacto.jpg);\n}\n#section_1177559199 .ux-shape-divider--top svg {\n  height: 150px;\n  --divider-top-width: 100%;\n}\n#section_1177559199 .ux-shape-divider--bottom svg {\n  height: 150px;\n  --divider-width: 100%;\n}\n<\/style>\n\t<\/section>\n\t <\/p><\/div>\n<\/p><\/div>\n<\/p><\/div>\n","protected":false},"excerpt":{"rendered":"","protected":false},"author":2,"featured_media":0,"parent":0,"menu_order":0,"comment_status":"closed","ping_status":"closed","template":"page-blank.php","meta":{"content-type":"","_monsterinsights_skip_tracking":false,"_monsterinsights_sitenote_active":false,"_monsterinsights_sitenote_note":"","_monsterinsights_sitenote_category":0,"footnotes":""},"class_list":["post-4323","page","type-page","status-publish","hentry"],"_links":{"self":[{"href":"https:\/\/rs-teatinos.com\/en\/wp-json\/wp\/v2\/pages\/4323","targetHints":{"allow":["GET"]}}],"collection":[{"href":"https:\/\/rs-teatinos.com\/en\/wp-json\/wp\/v2\/pages"}],"about":[{"href":"https:\/\/rs-teatinos.com\/en\/wp-json\/wp\/v2\/types\/page"}],"author":[{"embeddable":true,"href":"https:\/\/rs-teatinos.com\/en\/wp-json\/wp\/v2\/users\/2"}],"replies":[{"embeddable":true,"href":"https:\/\/rs-teatinos.com\/en\/wp-json\/wp\/v2\/comments?post=4323"}],"version-history":[{"count":0,"href":"https:\/\/rs-teatinos.com\/en\/wp-json\/wp\/v2\/pages\/4323\/revisions"}],"wp:attachment":[{"href":"https:\/\/rs-teatinos.com\/en\/wp-json\/wp\/v2\/media?parent=4323"}],"curies":[{"name":"wp","href":"https:\/\/api.w.org\/{rel}","templated":true}]}}